{"id":8,"date":"2016-04-05T09:52:53","date_gmt":"2016-04-05T09:52:53","guid":{"rendered":"http:\/\/server.dev\/tt\/wordpress\/sixtyninestudio\/dev\/?page_id=8"},"modified":"2025-12-14T18:20:57","modified_gmt":"2025-12-14T18:20:57","slug":"about","status":"publish","type":"page","link":"https:\/\/albcoding.com\/sq\/about\/","title":{"rendered":"Rreth Albcoding"},"content":{"rendered":"<div class=\"wpb-content-wrapper\"><section class=\"vc_row section-wrapper vc_custom_1454772021323 vc_row-has-fill\"><div class=\"container\"><div class=\"row\"><div class=\"wpb_column vc_column_container vc_col-sm-12\"><div class=\"vc_column-inner\"><div class=\"wpb_wrapper\">\r\n\r\n    <div class=\"sction-title-wrapper  text-center  vc_custom_1578585874749\">\r\n\r\n        <h2 style=\"\" class=\"section-title theme-color\">Avantazhet tona<\/h2>\r\n\r\n        \r\n        \r\n            <\/div> <!-- .section-intro -->\r\n\r\n<div class=\"vc_row wpb_row vc_inner vc_row-fluid\"><div class=\"wpb_column vc_column_container vc_col-sm-7\"><div class=\"vc_column-inner\"><div class=\"wpb_wrapper\">\r\n    <div class=\"row icon-block-wrapper\">\r\n            <div class=\"icon-block-grid col-sm-6 col-md-12   vc_custom_1578585883900\" style=\"\">\r\n        <div class=\"icon-block icon-round icon-position-left\">\r\n                            <div class=\"tt-icon flat-icon icon-hover-default\">\r\n                                            <i class=\"flaticon-books58 theme-color\" style=\"\"><\/i>\r\n                                    <\/div>\r\n                        \r\n            <div class=\"tt-content\">\r\n                <h3 class=\"\" style=\"\">\r\n                                            Creative                                    <\/h3>\r\n                            <\/div>\r\n        <\/div> <!-- .icon-block -->\r\n    <\/div> <!-- .icon-block-grid -->\r\n    \r\n\r\n    <div class=\"icon-block-grid col-sm-6 col-md-12   vc_custom_1626274050538\" style=\"\">\r\n        <div class=\"icon-block icon-round icon-position-left\">\r\n                            <div class=\"tt-icon flat-icon icon-hover-default\">\r\n                                            <i class=\"flaticon-bulb19 theme-color\" style=\"\"><\/i>\r\n                                    <\/div>\r\n                        \r\n            <div class=\"tt-content\">\r\n                <h3 class=\"\" style=\"\">\r\n                                            Innovative idea                                    <\/h3>\r\n                            <\/div>\r\n        <\/div> <!-- .icon-block -->\r\n    <\/div> <!-- .icon-block-grid -->\r\n    \r\n\r\n    <div class=\"icon-block-grid col-sm-6 col-md-12   vc_custom_1578585896510\" style=\"\">\r\n        <div class=\"icon-block icon-round icon-position-left\">\r\n                            <div class=\"tt-icon flat-icon icon-hover-default\">\r\n                                            <i class=\"flaticon-file189 theme-color\" style=\"\"><\/i>\r\n                                    <\/div>\r\n                        \r\n            <div class=\"tt-content\">\r\n                <h3 class=\"\" style=\"\">\r\n                                            Productive                                    <\/h3>\r\n                            <\/div>\r\n        <\/div> <!-- .icon-block -->\r\n    <\/div> <!-- .icon-block-grid -->\r\n    \r\n\r\n    <div class=\"icon-block-grid col-sm-6 col-md-12\" style=\"\">\r\n        <div class=\"icon-block icon-round icon-position-left\">\r\n                            <div class=\"tt-icon flat-icon icon-hover-default\">\r\n                                            <i class=\"flaticon-cup7 theme-color\" style=\"\"><\/i>\r\n                                    <\/div>\r\n                        \r\n            <div class=\"tt-content\">\r\n                <h3 class=\"\" style=\"\">\r\n                                            Design With Fun                                    <\/h3>\r\n                            <\/div>\r\n        <\/div> <!-- .icon-block -->\r\n    <\/div> <!-- .icon-block-grid -->\r\n    \r\n\r\n    <\/div>\r\n\r\n<\/div><\/div><\/div><div class=\"wpb_column vc_column_container vc_col-sm-5\"><div class=\"vc_column-inner\"><div class=\"wpb_wrapper\">\n\t<div  class=\"wpb_single_image wpb_content_element vc_align_left wpb_content_element vc_custom_1460282581687\">\n\t\t\n\t\t<figure class=\"wpb_wrapper vc_figure\">\n\t\t\t<div class=\"vc_single_image-wrapper   vc_box_border_grey\"><img width=\"480\" height=\"585\" src=\"https:\/\/albcoding.com\/wp-content\/uploads\/2016\/04\/advantage-img.png\" class=\"vc_single_image-img attachment-full\" alt=\"\" decoding=\"async\" title=\"advantage-img\" loading=\"lazy\" srcset=\"https:\/\/albcoding.com\/wp-content\/uploads\/2016\/04\/advantage-img.png 480w, https:\/\/albcoding.com\/wp-content\/uploads\/2016\/04\/advantage-img-246x300.png 246w\" sizes=\"(max-width: 480px) 100vw, 480px\" \/><\/div>\n\t\t<\/figure>\n\t<\/div>\n<\/div><\/div><\/div><\/div><\/div><\/div><\/div><\/div><\/div><\/section><section class=\"vc_row section-wrapper vc_custom_1454781992917\"><div class=\"container\"><div class=\"row\"><div class=\"wpb_column vc_column_container vc_col-sm-12\"><div class=\"vc_column-inner\"><div class=\"wpb_wrapper\">\r\n\r\n    <div class=\"sction-title-wrapper  text-center  vc_custom_1578650666690\">\r\n\r\n        <h2 style=\"\" class=\"section-title theme-color\">M\u00eb shum\u00eb rreth nesh<\/h2>\r\n\r\n        \r\n                    <div class=\"sub-title\" style=\"\"><p style=\"text-align: center;\">Ne jemi nj\u00eb kompani e zhvillimit t\u00eb softuerit me nj\u00eb p\u00ebrvoj\u00eb t\u00eb madhe n\u00eb krijimin e zgjidhjeve softuerike<br \/>\nduke ofruar sh\u00ebrbime t\u00eb ciklit t\u00eb plot\u00eb t\u00eb zhvillimit t\u00eb softverit t\u00eb cilitdo<strong>\u00a0<\/strong>complexity.<\/p>\n<\/div>\r\n        \r\n            <\/div> <!-- .section-intro -->\r\n\r\n<\/div><\/div><\/div><\/div><\/div><\/section><section class=\"vc_row section-wrapper vc_custom_1455033466959\"><div class=\"container\"><div class=\"row\"><div class=\"wpb_column vc_column_container vc_col-sm-6\"><div class=\"vc_column-inner\"><div class=\"wpb_wrapper\"><div class=\"vc_progress_bar wpb_content_element\" ><h2 class=\"wpb_heading wpb_progress_bar_heading\">Aft\u00ebsit\u00eb tona krijuese<\/h2><div class=\"vc_general vc_single_bar\"><small class=\"vc_label\">Zhvillimi aplikacioneve mobile <span class=\"vc_label_units\">100%<\/span><\/small><span class=\"vc_bar\" data-percentage-value=\"100\" data-value=\"100\" style=\"background-color:#ff2a40;\"><\/span><\/div><div class=\"vc_general vc_single_bar\"><small class=\"vc_label\">Dizajnimi i web faqeve <span class=\"vc_label_units\">95%<\/span><\/small><span class=\"vc_bar\" data-percentage-value=\"95\" data-value=\"95\" style=\"background-color:#ff2a40;\"><\/span><\/div><div class=\"vc_general vc_single_bar\"><small class=\"vc_label\">Zhvillimi i web faqeve <span class=\"vc_label_units\">100%<\/span><\/small><span class=\"vc_bar\" data-percentage-value=\"100\" data-value=\"100\" style=\"background-color:#ff2a40;\"><\/span><\/div><div class=\"vc_general vc_single_bar\"><small class=\"vc_label\">Niveli Kreativ <span class=\"vc_label_units\">90%<\/span><\/small><span class=\"vc_bar\" data-percentage-value=\"90\" data-value=\"90\" style=\"background-color:#ff2a40;\"><\/span><\/div><\/div><\/div><\/div><\/div><div class=\"wpb_column vc_column_container vc_col-sm-6\"><div class=\"vc_column-inner\"><div class=\"wpb_wrapper\"><div class=\"vc_tta-container\" data-vc-action=\"collapse\"><h2>Pyetjet e shpeshta<\/h2><div class=\"vc_general vc_tta vc_tta-accordion vc_tta-color-theme_default_color vc_tta-style-default vc_tta-shape-rounded vc_tta-o-shape-group vc_tta-gap-5 vc_tta-controls-align-default\"><div class=\"vc_tta-panels-container\"><div class=\"vc_tta-panels\"><div class=\"vc_tta-panel vc_active\" id=\"1454781537377-718fd327-0996\" data-vc-content=\".vc_tta-panel-body\"><div class=\"vc_tta-panel-heading\"><h4 class=\"vc_tta-panel-title vc_tta-controls-icon-position-left\"><a href=\"#1454781537377-718fd327-0996\" data-vc-accordion data-vc-container=\".vc_tta-container\"><span class=\"vc_tta-title-text\">Pse na zgjodhet ne?<\/span><i class=\"vc_tta-controls-icon vc_tta-controls-icon-chevron\"><\/i><\/a><\/h4><\/div><div class=\"vc_tta-panel-body\">\n\t<div class=\"wpb_text_column wpb_content_element\" >\n\t\t<div class=\"wpb_wrapper\">\n\t\t\t<p>Albcoding is a software development company that specializes in creating turnkey software solutions by providing full-cycle software development services of any<strong>\u00a0<\/strong>complexity.<\/p>\n\n\t\t<\/div>\n\t<\/div>\n\n\t<div class=\"wpb_text_column wpb_content_element\" >\n\t\t<div class=\"wpb_wrapper\">\n\t\t\t\n\t\t<\/div>\n\t<\/div>\n<\/div><\/div><div class=\"vc_tta-panel\" id=\"1454781537528-0a7af0e4-e010\" data-vc-content=\".vc_tta-panel-body\"><div class=\"vc_tta-panel-heading\"><h4 class=\"vc_tta-panel-title vc_tta-controls-icon-position-left\"><a href=\"#1454781537528-0a7af0e4-e010\" data-vc-accordion data-vc-container=\".vc_tta-container\"><span class=\"vc_tta-title-text\">\u00c7far\u00eb b\u00ebjm\u00eb ne?<\/span><i class=\"vc_tta-controls-icon vc_tta-controls-icon-chevron\"><\/i><\/a><\/h4><\/div><div class=\"vc_tta-panel-body\">\n\t<div class=\"wpb_text_column wpb_content_element\" >\n\t\t<div class=\"wpb_wrapper\">\n\t\t\t<p>Albcoding punon ngusht\u00eb me klient\u00ebt. Na jepni iden\u00eb tuaj p\u00ebr hap\u00ebsir\u00eb dhe ekipi yn\u00eb do t\u00eb jap\u00eb nj\u00eb zgjidhje t\u00eb porositur q\u00eb p\u00ebrputhet me aspiratat tuaja. Ne refuzojm\u00eb t\u00eb b\u00ebjm\u00eb kompromis dhe aspirojm\u00eb t\u00eb k\u00ebnaqemi.<\/p>\n\n\t\t<\/div>\n\t<\/div>\n\n\t<div class=\"wpb_text_column wpb_content_element\" >\n\t\t<div class=\"wpb_wrapper\">\n\t\t\t\n\t\t<\/div>\n\t<\/div>\n<\/div><\/div><div class=\"vc_tta-panel\" id=\"1454781685040-9218993d-d735\" data-vc-content=\".vc_tta-panel-body\"><div class=\"vc_tta-panel-heading\"><h4 class=\"vc_tta-panel-title vc_tta-controls-icon-position-left\"><a href=\"#1454781685040-9218993d-d735\" data-vc-accordion data-vc-container=\".vc_tta-container\"><span class=\"vc_tta-title-text\">Si punojme ne ?<\/span><i class=\"vc_tta-controls-icon vc_tta-controls-icon-chevron\"><\/i><\/a><\/h4><\/div><div class=\"vc_tta-panel-body\">\n\t<div class=\"wpb_text_column wpb_content_element\" >\n\t\t<div class=\"wpb_wrapper\">\n\t\t\t<p><em>Kompania e zhvillimit t\u00eb aplikacioneve mobile e specializuar n\u00eb iPhone dhe Android.<\/em>\u00a0development company specializing in the development of iPhone and Android.<\/p>\n<p>We can walk you through every step of the\u00a0<em>design<\/em>\u00a0and\u00a0<em>development<\/em>\u00a0process,\u00a0\u2026<\/p>\n<p><em>Innovative<\/em>\u00a0Customer\u00a0<em>Service Ideas<\/em>\u00a0To Try Out. Solve problems. Good\u00a0<em>service<\/em>\u00a0involves anticipating your customers\u2019 needs and solving their problems. Make your customers smile.<\/p>\n\n\t\t<\/div>\n\t<\/div>\n\n\t<div class=\"wpb_text_column wpb_content_element\" >\n\t\t<div class=\"wpb_wrapper\">\n\t\t\t\n\t\t<\/div>\n\t<\/div>\n<\/div><\/div><\/div><\/div><\/div><\/div><\/div><\/div><\/div><\/div><\/div><\/section><section data-vc-parallax=\"1.5\" class=\"vc_row section-wrapper vc_custom_1461761541942 vc_row-has-fill vc_general vc_parallax vc_parallax-content-moving\"><div class=\"tt-overlay\" style=\"background-color: rgba(0,0,0,0.5)\"><\/div><div class=\"container\"><div class=\"row\"><div class=\"wpb_column vc_column_container vc_col-sm-12\"><div class=\"vc_column-inner\"><div class=\"wpb_wrapper\"><\/div><\/div><\/div><\/div><\/div><\/section><section class=\"vc_row section-wrapper vc_custom_1454781822603\"><div class=\"container\"><div class=\"row\"><div class=\"wpb_column vc_column_container vc_col-sm-12\"><div class=\"vc_column-inner\"><div class=\"wpb_wrapper\"><\/div><\/div><\/div><\/div><\/div><\/section>\n<\/div>","protected":false},"excerpt":{"rendered":"Our Advantage Creative Innovative idea Productive Design With Fun Know More About Us We are a software development company with a great experience in creating software solutions by providing full-cycle software development services of any\u00a0complexity. Our Creative SkillsMobile Development 100%Web Design 95%Web Development 100%Creativity Level 90%FAQ AnswersWhy choose us? Albcoding is a software development company [...]","protected":false},"author":2,"featured_media":0,"parent":0,"menu_order":0,"comment_status":"closed","ping_status":"closed","template":"page-templates\/template-home.php","meta":{"footnotes":""},"aioseo_notices":[],"_links":{"self":[{"href":"https:\/\/albcoding.com\/sq\/wp-json\/wp\/v2\/pages\/8"}],"collection":[{"href":"https:\/\/albcoding.com\/sq\/wp-json\/wp\/v2\/pages"}],"about":[{"href":"https:\/\/albcoding.com\/sq\/wp-json\/wp\/v2\/types\/page"}],"author":[{"embeddable":true,"href":"https:\/\/albcoding.com\/sq\/wp-json\/wp\/v2\/users\/2"}],"replies":[{"embeddable":true,"href":"https:\/\/albcoding.com\/sq\/wp-json\/wp\/v2\/comments?post=8"}],"version-history":[{"count":16,"href":"https:\/\/albcoding.com\/sq\/wp-json\/wp\/v2\/pages\/8\/revisions"}],"predecessor-version":[{"id":4732,"href":"https:\/\/albcoding.com\/sq\/wp-json\/wp\/v2\/pages\/8\/revisions\/4732"}],"wp:attachment":[{"href":"https:\/\/albcoding.com\/sq\/wp-json\/wp\/v2\/media?parent=8"}],"curies":[{"name":"wp","href":"https:\/\/api.w.org\/{rel}","templated":true}]}}