{"id":3014,"date":"2016-04-10T13:53:04","date_gmt":"2016-04-10T13:53:04","guid":{"rendered":"http:\/\/server.dev\/tt\/wordpress\/sixtyninestudio\/dev\/?page_id=3014"},"modified":"2025-12-14T18:20:41","modified_gmt":"2025-12-14T18:20:41","slug":"contact-us","status":"publish","type":"page","link":"https:\/\/albcoding.com\/sq\/contact-us\/","title":{"rendered":"Kontakti"},"content":{"rendered":"<div class=\"wpb-content-wrapper\"><section class=\"vc_row section-wrapper vc_custom_1461782773749\"><div class=\"container-fullwidth\"><div class=\"row\"><div class=\"wpb_column vc_column_container vc_col-sm-12\"><div class=\"vc_column-inner\"><div class=\"wpb_wrapper\">\r\n\r\n    <div class=\"sction-title-wrapper  text-center  vc_custom_1578578488607\">\r\n\r\n        <h2 style=\"\" class=\"section-title theme-color\">Na Kontaktoni<\/h2>\r\n\r\n        \r\n                    <div class=\"sub-title\" style=\"\"><p>Keni ndonj\u00eb pyetje p\u00ebr t\u00eb b\u00ebr\u00eb, ose ndonj\u00eb gj\u00eb q\u00eb ju duhet t\u00eb dini n\u00eb lidhje me pun\u00ebn ton\u00eb, sh\u00ebrbimet dhe m\u00eb shum\u00eb? Mos ngurroni t\u00eb kontaktoni me ne. Ne shpresojm\u00eb t\u00eb d\u00ebgjojm\u00eb nga ju.<\/p>\n<\/div>\r\n        \r\n            <\/div> <!-- .section-intro -->\r\n\r\n<\/div><\/div><\/div><\/div><\/div><\/section><section class=\"vc_row section-wrapper vc_custom_1462043673792\"><div class=\"container\"><div class=\"row\"><div class=\"wpb_column vc_column_container vc_col-sm-7\"><div class=\"vc_column-inner vc_custom_1462043740259\"><div class=\"wpb_wrapper\"><div role=\"form\" class=\"wpcf7\" id=\"wpcf7-f3657-o1\" lang=\"en-US\" dir=\"ltr\">\n<div class=\"screen-reader-response\"><\/div>\n<form action=\"\/sq\/wp-json\/wp\/v2\/pages\/3014#wpcf7-f3657-o1\" method=\"post\" class=\"wpcf7-form\" novalidate=\"novalidate\" data-trp-original-action=\"\/sq\/wp-json\/wp\/v2\/pages\/3014#wpcf7-f3657-o1\">\n<div style=\"display: none;\">\n<input type=\"hidden\" name=\"_wpcf7\" value=\"3657\" \/>\n<input type=\"hidden\" name=\"_wpcf7_version\" value=\"5.1.6\" \/>\n<input type=\"hidden\" name=\"_wpcf7_locale\" value=\"en_US\" \/>\n<input type=\"hidden\" name=\"_wpcf7_unit_tag\" value=\"wpcf7-f3657-o1\" \/>\n<input type=\"hidden\" name=\"_wpcf7_container_post\" value=\"0\" \/>\n<input type=\"hidden\" name=\"g-recaptcha-response\" value=\"\" \/>\n<\/div>\n<div class=\"row\">\n<div class=\"col-md-12\">\n<div class=\"form-group\">\n          <span class=\"wpcf7-form-control-wrap text-290\"><input type=\"text\" name=\"text-290\" value=\"\" size=\"40\" class=\"wpcf7-form-control wpcf7-text wpcf7-validates-as-required form-control\" aria-required=\"true\" aria-invalid=\"false\" placeholder=\"Emri\" \/><\/span>\n        <\/div><\/div>\n<div class=\"col-md-12\">\n<div class=\"form-group\">\n          <span class=\"wpcf7-form-control-wrap email-502\"><input type=\"email\" name=\"email-502\" value=\"\" size=\"40\" class=\"wpcf7-form-control wpcf7-text wpcf7-email wpcf7-validates-as-required wpcf7-validates-as-email form-control\" aria-required=\"true\" aria-invalid=\"false\" placeholder=\"Email\" \/><\/span>\n        <\/div><\/div>\n<div class=\"col-md-12\">\n<div class=\"form-group\">\n          <span class=\"wpcf7-form-control-wrap text-673\"><input type=\"text\" name=\"text-673\" value=\"\" size=\"40\" class=\"wpcf7-form-control wpcf7-text wpcf7-validates-as-required form-control\" aria-required=\"true\" aria-invalid=\"false\" placeholder=\"Projekti Juaj\" \/><\/span>\n        <\/div><\/div>\n<\/div>\n<div class=\"form-group\">\n  <span class=\"wpcf7-form-control-wrap textarea-702\"><textarea name=\"textarea-702\" cols=\"40\" rows=\"10\" class=\"wpcf7-form-control wpcf7-textarea form-control\" aria-invalid=\"false\" placeholder=\"Mesazhi\"><\/textarea><\/span>\n<\/div>\n<div class=\"submit-btn-wrapper\">\n<input type=\"submit\" value=\"D\u00ebrgo\" class=\"wpcf7-form-control wpcf7-submit btn submit-btn\" \/>\n<\/div>\n<p style=\"display: none !important;\" class=\"akismet-fields-container\" data-prefix=\"_wpcf7_ak_\"><label>&#916;<textarea name=\"_wpcf7_ak_hp_textarea\" cols=\"45\" rows=\"8\" maxlength=\"100\"><\/textarea><\/label><input type=\"hidden\" id=\"ak_js_1\" name=\"_wpcf7_ak_js\" value=\"17\"\/><script>document.getElementById( \"ak_js_1\" ).setAttribute( \"value\", ( new Date() ).getTime() );<\/script><\/p><div class=\"wpcf7-response-output wpcf7-display-none\"><\/div><input type=\"hidden\" name=\"trp-form-language\" value=\"sq\"\/><\/form><\/div><\/div><\/div><\/div><div class=\"wpb_column vc_column_container vc_col-sm-4 vc_col-sm-offset-1\"><div class=\"vc_column-inner\"><div class=\"wpb_wrapper\"><h3 style=\"font-size: 20px;color: #202020;line-height: 25px;text-align: left;font-family:Roboto Slab;font-weight:400;font-style:normal\" class=\"vc_custom_heading vc_do_custom_heading vc_custom_1460387676793\" >Kontakt<\/h3>\n\t<div class=\"wpb_text_column wpb_content_element vc_custom_1626272859032\" >\n\t\t<div class=\"wpb_wrapper\">\n\t\t\t<p><b>Rruga:<\/b> D\u00ebshmor\u00ebt e Kombit<br \/>\n<b>Qyteti:<\/b> Ferizaj, 70000<br \/>\n<b>Tel:<\/b> +383 49 896 094, +383 44 647 156<br \/>\n<b>Email:<\/b> albcoding@gmail.com<\/p>\n\n\t\t<\/div>\n\t<\/div>\n<h3 style=\"font-size: 20px;color: #202020;line-height: 25px;text-align: left;font-family:Roboto Slab;font-weight:400;font-style:normal\" class=\"vc_custom_heading vc_do_custom_heading vc_custom_1460387783928\" >Lokacioni i Zyr\u00ebs<\/h3>\n\t<div class=\"wpb_text_column wpb_content_element vc_custom_1578580486352\" >\n\t\t<div class=\"wpb_wrapper\">\n\t\t\t<p><b>Address: <\/b>D\u00ebshmor\u00ebt e Kombit<br \/>\n<b>Qyteti: <\/b>Ferizaj, 70000<\/p>\n<p><b>Orari Pun\u00ebs: <\/b>Mon &#8211; Fri 9:00 to 18:00<\/p>\n\n\t\t<\/div>\n\t<\/div>\n<\/div><\/div><\/div><\/div><\/div><\/section><section class=\"vc_row section-wrapper\"><div class=\"container\"><div class=\"row\"><div class=\"wpb_column vc_column_container vc_col-sm-12\"><div class=\"vc_column-inner\"><div class=\"wpb_wrapper\"><div class=\"wpb_gmaps_widget wpb_content_element\"><div class=\"wpb_wrapper\"><div class=\"wpb_map_wraper\"><iframe src=\"https:\/\/www.google.com\/maps\/embed?pb=!1m18!1m12!1m3!1d736.8978024655642!2d21.146975288120146!3d42.372550498692725!2m3!1f0!2f0!3f0!3m2!1i1024!2i768!4f13.1!3m3!1m2!1s0x13547e51552efd31%3A0xd15dde48ef11dea9!2sNdertesa%20Vehbi%20Salihu%2C%20D%C3%ABshmor%C3%ABt%20e%20Kombit%2C%20Ferizaj!5e0!3m2!1sen!2s!4v1578649840387!5m2!1sen!2s\" width=\"600\" height=\"450\" frameborder=\"0\" style=\"border:0;\" allowfullscreen=\"\"><\/iframe><\/div><\/div><\/div><\/div><\/div><\/div><\/div><\/div><\/section>\n<\/div>","protected":false},"excerpt":{"rendered":"Get in touch Have any questions to ask, or anything you need to know about our work, services and more? Feel free to get in touch with us. We look forward to hearing from you. &#916;Contact Info Street: D\u00ebshmor\u00ebt e Kombit City: Ferizaj, 70000 Tel: +383 49 896 094, +383 44 647 156 Email: albcoding@gmail.com [...]","protected":false},"author":2,"featured_media":0,"parent":0,"menu_order":0,"comment_status":"closed","ping_status":"closed","template":"page-templates\/template-home.php","meta":{"footnotes":""},"aioseo_notices":[],"_links":{"self":[{"href":"https:\/\/albcoding.com\/sq\/wp-json\/wp\/v2\/pages\/3014"}],"collection":[{"href":"https:\/\/albcoding.com\/sq\/wp-json\/wp\/v2\/pages"}],"about":[{"href":"https:\/\/albcoding.com\/sq\/wp-json\/wp\/v2\/types\/page"}],"author":[{"embeddable":true,"href":"https:\/\/albcoding.com\/sq\/wp-json\/wp\/v2\/users\/2"}],"replies":[{"embeddable":true,"href":"https:\/\/albcoding.com\/sq\/wp-json\/wp\/v2\/comments?post=3014"}],"version-history":[{"count":16,"href":"https:\/\/albcoding.com\/sq\/wp-json\/wp\/v2\/pages\/3014\/revisions"}],"predecessor-version":[{"id":4726,"href":"https:\/\/albcoding.com\/sq\/wp-json\/wp\/v2\/pages\/3014\/revisions\/4726"}],"wp:attachment":[{"href":"https:\/\/albcoding.com\/sq\/wp-json\/wp\/v2\/media?parent=3014"}],"curies":[{"name":"wp","href":"https:\/\/api.w.org\/{rel}","templated":true}]}}